{"id":800,"date":"2016-05-25T09:44:20","date_gmt":"2016-05-25T09:44:20","guid":{"rendered":"https:\/\/demo.accesspressthemes.com\/fotography\/shop\/"},"modified":"2021-04-04T11:55:54","modified_gmt":"2021-04-04T09:55:54","slug":"boutique","status":"publish","type":"page","link":"https:\/\/ber-thelud.com\/index.php\/boutique\/","title":{"rendered":"Boutique"},"content":{"rendered":"\n<p><em>(En construction&#8230;)<\/em><\/p>\n\n\n\n<p>Monter un site internet\u2026.ok, dans quel but&nbsp;?<\/p>\n\n\n\n<p>Tant de Photographes, de talents, de sujets\u2026.&nbsp;!<\/p>\n\n\n\n<p>C\u2019est en revenant d\u2019un de mes pr\u00e9c\u00e9dents voyages en Corse, que l\u2019id\u00e9e a germ\u00e9, tous ces caf\u00e9s, h\u00f4tels, restaurants, chambres d\u2019h\u00f4tes, tous ces murs vides, me paraissaient un peu fades parfois en terme de d\u00e9cos, c\u2019\u00e9tait m\u00eame un paradoxe pour moi, une \u00eele si photog\u00e9nique avec si peu de photos pour en vanter les merveilles\u2026\u2026&nbsp;!<\/p>\n\n\n\n<p>Lorsque je rentre de Corse, j\u2019aime envoyer un lot de photos \u00e0 ceux qui m\u2019ont accueilli en gage de remerciements, pour leur hospitalit\u00e9.<\/p>\n\n\n\n<p>Un jour, le g\u00e9rant d\u2019un h\u00f4tel me dit&nbsp;: \u00ab&nbsp;vous devriez proposer vos services, vous avez un site internet pour que je puisse commander\u2026., ni une ni deux, cet homme venait de faire jaillir en moi la plus lumineuse id\u00e9e de cette derni\u00e8re d\u00e9cennie.<\/p>\n\n\n\n<p>Et c\u2019est ainsi que l\u2019Expo Corse naquit, une galerie de Photos destin\u00e9e \u00e0 n\u2019importe quel visiteur curieux, sensible, en qu\u00eate de belles images, mais aussi un site d\u00e9di\u00e9 \u00e0 tous les professionnels qui chercheraient \u00e0 embellir leur commerce, caf\u00e9, h\u00f4tel, restaurant, ces photos pourraient \u00e9galement servir aux agences de voyage, agences immobili\u00e8res et enfin la cerise sur le g\u00e2teau, d\u2019ici, on pourrait m\u00eame commander une expo th\u00e9matique pour diff\u00e9rentes initiatives culturelles en lien avec l\u2019\u00eele\u2026\u2026..<\/p>\n\n\n\n<p>Alors n\u2019h\u00e9sitez pas \u00e0 me <a href=\"mailto:contact@ber-thelud.com\" target=\"_blank\" rel=\"noreferrer noopener\">contacter<\/a><a href=\"mailto:contact@ber-thelud.com\"> <\/a>\u00e0 ce sujet, en attendant que l\u2019espace boutique voit le jour, il y en aura pour tous les go\u00fbts, tous les styles,\u00a0 pour chaque budget.<\/p>\n","protected":false},"excerpt":{"rendered":"<p>(En construction&#8230;) Monter un site internet\u2026.ok, dans quel but&nbsp;? Tant de Photographes, de talents, de sujets\u2026.&nbsp;! C\u2019est en revenant d\u2019un de mes pr\u00e9c\u00e9dents voyages en Corse, que l\u2019id\u00e9e a germ\u00e9, tous ces caf\u00e9s, h\u00f4tels, restaurants, chambres d\u2019h\u00f4tes, tous ces murs vides, me paraissaient un peu fades parfois en terme de d\u00e9cos, c\u2019\u00e9tait m\u00eame un paradoxe&#8230;<\/p>\n","protected":false},"author":2,"featured_media":0,"parent":0,"menu_order":0,"comment_status":"closed","ping_status":"closed","template":"","meta":{"footnotes":""},"class_list":["post-800","page","type-page","status-publish","hentry"],"yoast_head":"<!-- This site is optimized with the Yoast SEO plugin v24.9 - https:\/\/yoast.com\/wordpress\/plugins\/seo\/ -->\n<title>Boutique - L&#039;expo Corse<\/title>\n<meta name=\"robots\" content=\"index, follow, max-snippet:-1, max-image-preview:large, max-video-preview:-1\" \/>\n<link rel=\"canonical\" href=\"https:\/\/ber-thelud.com\/index.php\/boutique\/\" \/>\n<meta property=\"og:locale\" content=\"fr_FR\" \/>\n<meta property=\"og:type\" content=\"article\" \/>\n<meta property=\"og:title\" content=\"Boutique - L&#039;expo Corse\" \/>\n<meta property=\"og:description\" content=\"(En construction&#8230;) Monter un site internet\u2026.ok, dans quel but&nbsp;? Tant de Photographes, de talents, de sujets\u2026.&nbsp;! C\u2019est en revenant d\u2019un de mes pr\u00e9c\u00e9dents voyages en Corse, que l\u2019id\u00e9e a germ\u00e9, tous ces caf\u00e9s, h\u00f4tels, restaurants, chambres d\u2019h\u00f4tes, tous ces murs vides, me paraissaient un peu fades parfois en terme de d\u00e9cos, c\u2019\u00e9tait m\u00eame un paradoxe...\" \/>\n<meta property=\"og:url\" content=\"https:\/\/ber-thelud.com\/index.php\/boutique\/\" \/>\n<meta property=\"og:site_name\" content=\"L&#039;expo Corse\" \/>\n<meta property=\"article:modified_time\" content=\"2021-04-04T09:55:54+00:00\" \/>\n<meta name=\"twitter:card\" content=\"summary_large_image\" \/>\n<meta name=\"twitter:label1\" content=\"Dur\u00e9e de lecture estim\u00e9e\" \/>\n\t<meta name=\"twitter:data1\" content=\"2 minutes\" \/>\n<script type=\"application\/ld+json\" class=\"yoast-schema-graph\">{\"@context\":\"https:\/\/schema.org\",\"@graph\":[{\"@type\":\"WebPage\",\"@id\":\"https:\/\/ber-thelud.com\/index.php\/boutique\/\",\"url\":\"https:\/\/ber-thelud.com\/index.php\/boutique\/\",\"name\":\"Boutique - L&#039;expo Corse\",\"isPartOf\":{\"@id\":\"https:\/\/ber-thelud.com\/#website\"},\"datePublished\":\"2016-05-25T09:44:20+00:00\",\"dateModified\":\"2021-04-04T09:55:54+00:00\",\"breadcrumb\":{\"@id\":\"https:\/\/ber-thelud.com\/index.php\/boutique\/#breadcrumb\"},\"inLanguage\":\"fr-FR\",\"potentialAction\":[{\"@type\":\"ReadAction\",\"target\":[\"https:\/\/ber-thelud.com\/index.php\/boutique\/\"]}]},{\"@type\":\"BreadcrumbList\",\"@id\":\"https:\/\/ber-thelud.com\/index.php\/boutique\/#breadcrumb\",\"itemListElement\":[{\"@type\":\"ListItem\",\"position\":1,\"name\":\"Accueil\",\"item\":\"https:\/\/ber-thelud.com\/\"},{\"@type\":\"ListItem\",\"position\":2,\"name\":\"Boutique\"}]},{\"@type\":\"WebSite\",\"@id\":\"https:\/\/ber-thelud.com\/#website\",\"url\":\"https:\/\/ber-thelud.com\/\",\"name\":\"L&#039;expo Corse\",\"description\":\"Auteur - Photographe - Curieux\",\"potentialAction\":[{\"@type\":\"SearchAction\",\"target\":{\"@type\":\"EntryPoint\",\"urlTemplate\":\"https:\/\/ber-thelud.com\/?s={search_term_string}\"},\"query-input\":{\"@type\":\"PropertyValueSpecification\",\"valueRequired\":true,\"valueName\":\"search_term_string\"}}],\"inLanguage\":\"fr-FR\"}]}<\/script>\n<!-- \/ Yoast SEO plugin. -->","yoast_head_json":{"title":"Boutique - L&#039;expo Corse","robots":{"index":"index","follow":"follow","max-snippet":"max-snippet:-1","max-image-preview":"max-image-preview:large","max-video-preview":"max-video-preview:-1"},"canonical":"https:\/\/ber-thelud.com\/index.php\/boutique\/","og_locale":"fr_FR","og_type":"article","og_title":"Boutique - L&#039;expo Corse","og_description":"(En construction&#8230;) Monter un site internet\u2026.ok, dans quel but&nbsp;? Tant de Photographes, de talents, de sujets\u2026.&nbsp;! C\u2019est en revenant d\u2019un de mes pr\u00e9c\u00e9dents voyages en Corse, que l\u2019id\u00e9e a germ\u00e9, tous ces caf\u00e9s, h\u00f4tels, restaurants, chambres d\u2019h\u00f4tes, tous ces murs vides, me paraissaient un peu fades parfois en terme de d\u00e9cos, c\u2019\u00e9tait m\u00eame un paradoxe...","og_url":"https:\/\/ber-thelud.com\/index.php\/boutique\/","og_site_name":"L&#039;expo Corse","article_modified_time":"2021-04-04T09:55:54+00:00","twitter_card":"summary_large_image","twitter_misc":{"Dur\u00e9e de lecture estim\u00e9e":"2 minutes"},"schema":{"@context":"https:\/\/schema.org","@graph":[{"@type":"WebPage","@id":"https:\/\/ber-thelud.com\/index.php\/boutique\/","url":"https:\/\/ber-thelud.com\/index.php\/boutique\/","name":"Boutique - L&#039;expo Corse","isPartOf":{"@id":"https:\/\/ber-thelud.com\/#website"},"datePublished":"2016-05-25T09:44:20+00:00","dateModified":"2021-04-04T09:55:54+00:00","breadcrumb":{"@id":"https:\/\/ber-thelud.com\/index.php\/boutique\/#breadcrumb"},"inLanguage":"fr-FR","potentialAction":[{"@type":"ReadAction","target":["https:\/\/ber-thelud.com\/index.php\/boutique\/"]}]},{"@type":"BreadcrumbList","@id":"https:\/\/ber-thelud.com\/index.php\/boutique\/#breadcrumb","itemListElement":[{"@type":"ListItem","position":1,"name":"Accueil","item":"https:\/\/ber-thelud.com\/"},{"@type":"ListItem","position":2,"name":"Boutique"}]},{"@type":"WebSite","@id":"https:\/\/ber-thelud.com\/#website","url":"https:\/\/ber-thelud.com\/","name":"L&#039;expo Corse","description":"Auteur - Photographe - Curieux","potentialAction":[{"@type":"SearchAction","target":{"@type":"EntryPoint","urlTemplate":"https:\/\/ber-thelud.com\/?s={search_term_string}"},"query-input":{"@type":"PropertyValueSpecification","valueRequired":true,"valueName":"search_term_string"}}],"inLanguage":"fr-FR"}]}},"jetpack_sharing_enabled":true,"_links":{"self":[{"href":"https:\/\/ber-thelud.com\/index.php\/wp-json\/wp\/v2\/pages\/800","targetHints":{"allow":["GET"]}}],"collection":[{"href":"https:\/\/ber-thelud.com\/index.php\/wp-json\/wp\/v2\/pages"}],"about":[{"href":"https:\/\/ber-thelud.com\/index.php\/wp-json\/wp\/v2\/types\/page"}],"author":[{"embeddable":true,"href":"https:\/\/ber-thelud.com\/index.php\/wp-json\/wp\/v2\/users\/2"}],"replies":[{"embeddable":true,"href":"https:\/\/ber-thelud.com\/index.php\/wp-json\/wp\/v2\/comments?post=800"}],"version-history":[{"count":7,"href":"https:\/\/ber-thelud.com\/index.php\/wp-json\/wp\/v2\/pages\/800\/revisions"}],"predecessor-version":[{"id":1728,"href":"https:\/\/ber-thelud.com\/index.php\/wp-json\/wp\/v2\/pages\/800\/revisions\/1728"}],"wp:attachment":[{"href":"https:\/\/ber-thelud.com\/index.php\/wp-json\/wp\/v2\/media?parent=800"}],"curies":[{"name":"wp","href":"https:\/\/api.w.org\/{rel}","templated":true}]}}